{"id":16726,"date":"2024-05-06T12:40:36","date_gmt":"2024-05-06T10:40:36","guid":{"rendered":"https:\/\/agroponiente.com\/?page_id=16726"},"modified":"2026-03-18T16:10:12","modified_gmt":"2026-03-18T15:10:12","slug":"contact","status":"publish","type":"page","link":"https:\/\/www.agroponiente.com\/en\/contact\/","title":{"rendered":"Contact"},"content":{"rendered":"\t\t<div data-elementor-type=\"wp-page\" data-elementor-id=\"16726\" class=\"elementor elementor-16726 elementor-2\" data-elementor-post-type=\"page\">\n\t\t\t\t<div class=\"elementor-element elementor-element-abd6cde e-flex e-con-boxed e-con e-parent\" data-id=\"abd6cde\" data-element_type=\"container\" data-e-type=\"container\" data-settings=\"{&quot;background_background&quot;:&quot;classic&quot;,&quot;jet_parallax_layout_list&quot;:[]}\">\n\t\t\t\t\t<div class=\"e-con-inner\">\n\t\t\t\t<div class=\"elementor-element elementor-element-b6b686d elementor-widget elementor-widget-text-editor\" data-id=\"b6b686d\" data-element_type=\"widget\" data-e-type=\"widget\" data-widget_type=\"text-editor.default\">\n\t\t\t\t<div class=\"elementor-widget-container\">\n\t\t\t\t\t\t\t\t\t<p>__________ Hello<\/p>\t\t\t\t\t\t\t\t<\/div>\n\t\t\t\t<\/div>\n\t\t\t\t<div class=\"elementor-element elementor-element-85a6393 elementor-widget elementor-widget-heading\" data-id=\"85a6393\" data-element_type=\"widget\" data-e-type=\"widget\" data-widget_type=\"heading.default\">\n\t\t\t\t<div class=\"elementor-widget-container\">\n\t\t\t\t\t<h1 class=\"elementor-heading-title elementor-size-default\">Contact<\/h1>\t\t\t\t<\/div>\n\t\t\t\t<\/div>\n\t\t\t\t\t<\/div>\n\t\t\t\t<\/div>\n\t\t<div class=\"elementor-element elementor-element-69856c3 e-flex e-con-boxed e-con e-parent\" data-id=\"69856c3\" data-element_type=\"container\" data-e-type=\"container\" data-settings=\"{&quot;jet_parallax_layout_list&quot;:[]}\">\n\t\t\t\t\t<div class=\"e-con-inner\">\n\t\t<div class=\"elementor-element elementor-element-ab66f3b e-con-full e-flex e-con e-child\" data-id=\"ab66f3b\" data-element_type=\"container\" data-e-type=\"container\" data-settings=\"{&quot;jet_parallax_layout_list&quot;:[]}\">\n\t\t\t\t<div class=\"elementor-element elementor-element-167311a elementor-widget elementor-widget-image\" data-id=\"167311a\" data-element_type=\"widget\" data-e-type=\"widget\" data-widget_type=\"image.default\">\n\t\t\t\t<div class=\"elementor-widget-container\">\n\t\t\t\t\t\t\t\t\t\t\t\t\t\t\t<img decoding=\"async\" width=\"757\" height=\"661\" src=\"https:\/\/www.agroponiente.com\/wp-content\/uploads\/2024\/05\/AGROPONIENTE-3-0631.jpg\" class=\"attachment-full size-full wp-image-642\" alt=\"\" srcset=\"https:\/\/www.agroponiente.com\/wp-content\/uploads\/2024\/05\/AGROPONIENTE-3-0631.jpg 757w, https:\/\/www.agroponiente.com\/wp-content\/uploads\/2024\/05\/AGROPONIENTE-3-0631-300x262.jpg 300w\" sizes=\"(max-width: 757px) 100vw, 757px\" \/>\t\t\t\t\t\t\t\t\t\t\t\t\t\t\t<\/div>\n\t\t\t\t<\/div>\n\t\t\t\t<\/div>\n\t\t<div class=\"elementor-element elementor-element-adbdc62 e-con-full e-flex e-con e-child\" data-id=\"adbdc62\" data-element_type=\"container\" data-e-type=\"container\" data-settings=\"{&quot;background_background&quot;:&quot;classic&quot;,&quot;jet_parallax_layout_list&quot;:[]}\">\n\t\t\t\t<div class=\"elementor-element elementor-element-2fc41e2 elementor-widget elementor-widget-heading\" data-id=\"2fc41e2\" data-element_type=\"widget\" data-e-type=\"widget\" data-widget_type=\"heading.default\">\n\t\t\t\t<div class=\"elementor-widget-container\">\n\t\t\t\t\t<h3 class=\"elementor-heading-title elementor-size-default\">May we help you?<\/h3>\t\t\t\t<\/div>\n\t\t\t\t<\/div>\n\t\t\t\t<div class=\"elementor-element elementor-element-676b67f elementor-button-align-start elementor-mobile-button-align-start elementor-widget elementor-widget-form\" data-id=\"676b67f\" data-element_type=\"widget\" data-e-type=\"widget\" data-settings=\"{&quot;step_next_label&quot;:&quot;Siguiente&quot;,&quot;step_previous_label&quot;:&quot;Anterior&quot;,&quot;button_width&quot;:&quot;100&quot;,&quot;step_type&quot;:&quot;number_text&quot;,&quot;step_icon_shape&quot;:&quot;circle&quot;}\" data-widget_type=\"form.default\">\n\t\t\t\t<div class=\"elementor-widget-container\">\n\t\t\t\t\t\t\t<form class=\"elementor-form\" method=\"post\" name=\"Formulario Contacto ENG\" aria-label=\"Formulario Contacto ENG\">\n\t\t\t<input type=\"hidden\" name=\"post_id\" value=\"16726\"\/>\n\t\t\t<input type=\"hidden\" name=\"form_id\" value=\"676b67f\"\/>\n\t\t\t<input type=\"hidden\" name=\"referer_title\" value=\"\" \/>\n\n\t\t\t\n\t\t\t<div class=\"elementor-form-fields-wrapper elementor-labels-above\">\n\t\t\t\t\t\t\t\t<div class=\"elementor-field-type-text elementor-field-group elementor-column elementor-field-group-name elementor-col-100\">\n\t\t\t\t\t\t\t\t\t\t\t\t\t<input size=\"1\" type=\"text\" name=\"form_fields[name]\" id=\"form-field-name\" class=\"elementor-field elementor-size-sm  elementor-field-textual\" placeholder=\"Name*\">\n\t\t\t\t\t\t\t\t\t\t\t<\/div>\n\t\t\t\t\t\t\t\t<div class=\"elementor-field-type-email elementor-field-group elementor-column elementor-field-group-email elementor-col-100 elementor-field-required\">\n\t\t\t\t\t\t\t\t\t\t\t\t\t<input size=\"1\" type=\"email\" name=\"form_fields[email]\" id=\"form-field-email\" class=\"elementor-field elementor-size-sm  elementor-field-textual\" placeholder=\"Email*\" required=\"required\">\n\t\t\t\t\t\t\t\t\t\t\t<\/div>\n\t\t\t\t\t\t\t\t<div class=\"elementor-field-type-tel elementor-field-group elementor-column elementor-field-group-field_5876fdb elementor-col-100 elementor-field-required\">\n\t\t\t\t\t\t\t<input size=\"1\" type=\"tel\" name=\"form_fields[field_5876fdb]\" id=\"form-field-field_5876fdb\" class=\"elementor-field elementor-size-sm  elementor-field-textual\" placeholder=\"Phone*\" required=\"required\" pattern=\"[0-9()#&amp;+*-=.]+\" title=\"Only numbers and phone characters (#, -, *, etc) are accepted.\">\n\n\t\t\t\t\t\t<\/div>\n\t\t\t\t\t\t\t\t<div class=\"elementor-field-type-textarea elementor-field-group elementor-column elementor-field-group-message elementor-col-100\">\n\t\t\t\t\t<textarea class=\"elementor-field-textual elementor-field  elementor-size-sm\" name=\"form_fields[message]\" id=\"form-field-message\" rows=\"4\" placeholder=\"Message\"><\/textarea>\t\t\t\t<\/div>\n\t\t\t\t\t\t\t\t<div class=\"elementor-field-type-recaptcha_v3 elementor-field-group elementor-column elementor-field-group-field_79610c9 elementor-col-100 recaptcha_v3-bottomright\">\n\t\t\t\t\t<div class=\"elementor-field\" id=\"form-field-field_79610c9\"><div class=\"elementor-g-recaptcha\" data-sitekey=\"6Lc1144sAAAAAPkJoNjnnAiq2eqqepC13RSt596H\" data-type=\"v3\" data-action=\"Form\" data-badge=\"bottomright\" data-size=\"invisible\"><\/div><\/div>\t\t\t\t<\/div>\n\t\t\t\t\t\t\t\t<div class=\"elementor-field-type-text\">\n\t\t\t\t\t<input size=\"1\" type=\"text\" name=\"form_fields[field_33ef3c2]\" id=\"form-field-field_33ef3c2\" class=\"elementor-field elementor-size-sm \" style=\"display:none !important;\">\t\t\t\t<\/div>\n\t\t\t\t\t\t\t\t<div class=\"elementor-field-type-acceptance elementor-field-group elementor-column elementor-field-group-field_fde5c6f elementor-col-100 elementor-field-required\">\n\t\t\t\t\t\t\t<div class=\"elementor-field-subgroup\">\n\t\t\t<span class=\"elementor-field-option\">\n\t\t\t\t<input type=\"checkbox\" name=\"form_fields[field_fde5c6f]\" id=\"form-field-field_fde5c6f\" class=\"elementor-field elementor-size-sm  elementor-acceptance-field\" required=\"required\">\n\t\t\t\t<label for=\"form-field-field_fde5c6f\">I have read and accept the <a href=\"https:\/\/www.agroponiente.com\/en\/privacy-policy\/\" target=\"_blank\">privacy policy<\/a><\/label>\t\t\t<\/span>\n\t\t<\/div>\n\t\t\t\t\t\t<\/div>\n\t\t\t\t\t\t\t\t<div class=\"elementor-field-type-recaptcha_v3 elementor-field-group elementor-column elementor-field-group-field_bc86d44 elementor-col-100 recaptcha_v3-bottomright\">\n\t\t\t\t\t<div class=\"elementor-field\" id=\"form-field-field_bc86d44\"><div class=\"elementor-g-recaptcha\" data-sitekey=\"6Lc1144sAAAAAPkJoNjnnAiq2eqqepC13RSt596H\" data-type=\"v3\" data-action=\"Form\" data-badge=\"bottomright\" data-size=\"invisible\"><\/div><\/div>\t\t\t\t<\/div>\n\t\t\t\t\t\t\t\t<div class=\"elementor-field-group elementor-column elementor-field-type-submit elementor-col-100 e-form__buttons\">\n\t\t\t\t\t<button class=\"elementor-button elementor-size-sm\" type=\"submit\">\n\t\t\t\t\t\t<span class=\"elementor-button-content-wrapper\">\n\t\t\t\t\t\t\t\t\t\t\t\t\t\t\t\t\t\t\t\t\t\t<span class=\"elementor-button-text\">Submit<\/span>\n\t\t\t\t\t\t\t\t\t\t\t\t\t<\/span>\n\t\t\t\t\t<\/button>\n\t\t\t\t<\/div>\n\t\t\t<\/div>\n\t\t<\/form>\n\t\t\t\t\t\t<\/div>\n\t\t\t\t<\/div>\n\t\t\t\t<div class=\"elementor-element elementor-element-459c2c7 elementor-widget elementor-widget-text-editor\" data-id=\"459c2c7\" data-element_type=\"widget\" data-e-type=\"widget\" data-widget_type=\"text-editor.default\">\n\t\t\t\t<div class=\"elementor-widget-container\">\n\t\t\t\t\t\t\t\t\t<strong>Responsible parties:<\/strong> AGROPONIENTE, S.A., AGROPONIENTE NATURAL PRODUCE, S.L. and VEGACA\u00d1ADA, S.A. <strong>Purpose:<\/strong> To respond to the requested information on the form. <strong>Legitimation:<\/strong> Consent of the interested party. Recipients: No data will be transferred to third parties, except in cases of legal obligation or legitimate corporate interest between the companies owned by the data controller. Rights: You may exercise your rights of access, rectification, deletion, portability, opposition and\/or limitation of processing and not to be subject to a decision based solely on automated data processing, including profiling, as well as to revoke the consents granted by addressing your request to AGROPONIENTE, S.A., AGROPONIENTE NATURAL PRODUCE, S.L. and VEGACA\u00d1ADA, S.A. or to direcci\u00f3ninfo@agroponiente.com and as indicated in <a href=\"https:\/\/www.agroponiente.com\/en\/privacy-policy\/\">privacy policy.<\/a>\t\t\t\t\t\t\t\t<\/div>\n\t\t\t\t<\/div>\n\t\t\t\t<\/div>\n\t\t\t\t\t<\/div>\n\t\t\t\t<\/div>\n\t\t<div class=\"elementor-element elementor-element-22ef885 e-flex e-con-boxed e-con e-parent\" data-id=\"22ef885\" data-element_type=\"container\" data-e-type=\"container\" data-settings=\"{&quot;jet_parallax_layout_list&quot;:[]}\">\n\t\t\t\t\t<div class=\"e-con-inner\">\n\t\t<div class=\"elementor-element elementor-element-944be4d e-con-full e-flex e-con e-child\" data-id=\"944be4d\" data-element_type=\"container\" data-e-type=\"container\" data-settings=\"{&quot;jet_parallax_layout_list&quot;:[]}\">\n\t\t\t\t<div class=\"elementor-element elementor-element-e8e156b elementor-view-default elementor-position-block-start elementor-mobile-position-block-start elementor-widget elementor-widget-icon-box\" data-id=\"e8e156b\" data-element_type=\"widget\" data-e-type=\"widget\" data-widget_type=\"icon-box.default\">\n\t\t\t\t<div class=\"elementor-widget-container\">\n\t\t\t\t\t\t\t<div class=\"elementor-icon-box-wrapper\">\n\n\t\t\t\t\t\t<div class=\"elementor-icon-box-icon\">\n\t\t\t\t<a href=\"https:\/\/maps.app.goo.gl\/Ya8HwBjbSRxSLWxF6\" target=\"_blank\" rel=\"nofollow noopener\" class=\"elementor-icon\" tabindex=\"-1\" aria-label=\"Office\">\n\t\t\t\t<svg xmlns=\"http:\/\/www.w3.org\/2000\/svg\" width=\"40.876\" height=\"58.135\" viewBox=\"0 0 40.876 58.135\"><g id=\"localizacion_2_\" data-name=\"localizacion (2)\" transform=\"translate(-76)\"><path id=\"Trazado_16602\" data-name=\"Trazado 16602\" d=\"M202.813,133.625A6.813,6.813,0,1,0,196,126.813,6.82,6.82,0,0,0,202.813,133.625Zm0-9.084a2.271,2.271,0,1,1-2.271,2.271A2.273,2.273,0,0,1,202.813,124.542Z\" transform=\"translate(-106.375 -106.375)\"><\/path><path id=\"Trazado_16603\" data-name=\"Trazado 16603\" d=\"M116.876,20.438a20.438,20.438,0,1,0-36.8,12.253L90.986,47.232a6.813,6.813,0,0,0,10.9,0L112.8,32.691a20.267,20.267,0,0,0,4.079-12.253Zm-7.712,9.528L98.257,44.507a2.272,2.272,0,0,1-3.638,0L83.712,29.966a15.9,15.9,0,1,1,25.451,0Z\"><\/path><path id=\"Trazado_16604\" data-name=\"Trazado 16604\" d=\"M178.709,474.271A2.271,2.271,0,0,0,176.438,472H158.271a2.271,2.271,0,0,0,0,4.542h18.167A2.271,2.271,0,0,0,178.709,474.271Z\" transform=\"translate(-70.916 -418.407)\"><\/path><\/g><\/svg>\t\t\t\t<\/a>\n\t\t\t<\/div>\n\t\t\t\n\t\t\t\t\t\t<div class=\"elementor-icon-box-content\">\n\n\t\t\t\t\t\t\t\t\t<h3 class=\"elementor-icon-box-title\">\n\t\t\t\t\t\t<a href=\"https:\/\/maps.app.goo.gl\/Ya8HwBjbSRxSLWxF6\" target=\"_blank\" rel=\"nofollow noopener\">\n\t\t\t\t\t\t\tOffice\t\t\t\t\t\t<\/a>\n\t\t\t\t\t<\/h3>\n\t\t\t\t\n\t\t\t\t\t\t\t\t\t<p class=\"elementor-icon-box-description\">\n\t\t\t\t\t\tCalle Pa\u00edses Bajos, 100, 04710,<\/br>\nPol\u00edgono Industrial de La Redonda,<\/br>\nSanta Mar\u00eda del \u00c1guila, El Ejido (Almer\u00eda)\t\t\t\t\t<\/p>\n\t\t\t\t\n\t\t\t<\/div>\n\t\t\t\n\t\t<\/div>\n\t\t\t\t\t\t<\/div>\n\t\t\t\t<\/div>\n\t\t\t\t<\/div>\n\t\t<div class=\"elementor-element elementor-element-081ea2e e-con-full e-flex e-con e-child\" data-id=\"081ea2e\" data-element_type=\"container\" data-e-type=\"container\" data-settings=\"{&quot;jet_parallax_layout_list&quot;:[]}\">\n\t\t\t\t<div class=\"elementor-element elementor-element-0fabd5d elementor-view-default elementor-position-block-start elementor-mobile-position-block-start elementor-widget elementor-widget-icon-box\" data-id=\"0fabd5d\" data-element_type=\"widget\" data-e-type=\"widget\" data-widget_type=\"icon-box.default\">\n\t\t\t\t<div class=\"elementor-widget-container\">\n\t\t\t\t\t\t\t<div class=\"elementor-icon-box-wrapper\">\n\n\t\t\t\t\t\t<div class=\"elementor-icon-box-icon\">\n\t\t\t\t<a href=\"tel:+34950583002\" class=\"elementor-icon\" tabindex=\"-1\" aria-label=\"Shall we talk?\">\n\t\t\t\t<svg xmlns=\"http:\/\/www.w3.org\/2000\/svg\" id=\"telefono_2_\" data-name=\"telefono (2)\" width=\"48.001\" height=\"48.182\" viewBox=\"0 0 48.001 48.182\"><path id=\"Trazado_16589\" data-name=\"Trazado 16589\" d=\"M10.639,32.028a51.117,51.117,0,0,0,17,13.318,26.464,26.464,0,0,0,9.515,2.815c.23.01.449.02.679.02a7.879,7.879,0,0,0,6.11-2.626.218.218,0,0,0,.04-.05,25.724,25.724,0,0,1,1.927-2c.469-.449.948-.919,1.408-1.4a4.821,4.821,0,0,0-.02-7.178l-6-6a4.857,4.857,0,0,0-3.514-1.617,5.02,5.02,0,0,0-3.554,1.607L30.657,32.5c-.329-.19-.669-.359-.988-.519a12.346,12.346,0,0,1-1.1-.6,37.828,37.828,0,0,1-9.036-8.227,21.783,21.783,0,0,1-3.055-4.872c.938-.849,1.817-1.737,2.666-2.606.3-.309.609-.619.919-.928a5.118,5.118,0,0,0,1.657-3.594,5.078,5.078,0,0,0-1.657-3.594L17.088,4.583c-.349-.349-.679-.689-1.018-1.038-.659-.679-1.348-1.378-2.027-2.007A4.977,4.977,0,0,0,10.529,0,5.125,5.125,0,0,0,6.975,1.547L3.241,5.281A7.672,7.672,0,0,0,.954,10.193,18.477,18.477,0,0,0,2.342,18.18,46.466,46.466,0,0,0,10.639,32.028ZM3.39,10.4A5.281,5.281,0,0,1,4.978,7.009L8.692,3.295a2.689,2.689,0,0,1,1.837-.849,2.551,2.551,0,0,1,1.8.869c.669.619,1.3,1.268,1.977,1.957.339.349.689.7,1.038,1.058L18.316,9.3a2.711,2.711,0,0,1,.938,1.867,2.711,2.711,0,0,1-.938,1.867c-.31.309-.619.629-.929.938-.929.938-1.8,1.827-2.756,2.676l-.05.05a1.952,1.952,0,0,0-.5,2.216c.01.03.02.05.03.08a23.5,23.5,0,0,0,3.5,5.7,39.925,39.925,0,0,0,9.625,8.766,14.292,14.292,0,0,0,1.318.719,12.347,12.347,0,0,1,1.1.6c.04.02.07.04.11.06a2.087,2.087,0,0,0,.968.25,2.118,2.118,0,0,0,1.488-.679l3.734-3.734a2.642,2.642,0,0,1,1.827-.889,2.507,2.507,0,0,1,1.767.889l6.02,6.01a2.408,2.408,0,0,1-.03,3.764c-.419.449-.859.879-1.328,1.328a28.751,28.751,0,0,0-2.087,2.166,5.481,5.481,0,0,1-4.283,1.817c-.17,0-.349-.01-.519-.02A24.042,24.042,0,0,1,28.72,43.17,48.561,48.561,0,0,1,12.536,30.491,44.476,44.476,0,0,1,4.648,17.362,16.1,16.1,0,0,1,3.39,10.4Z\" transform=\"translate(-0.912 0)\"><\/path><\/svg>\t\t\t\t<\/a>\n\t\t\t<\/div>\n\t\t\t\n\t\t\t\t\t\t<div class=\"elementor-icon-box-content\">\n\n\t\t\t\t\t\t\t\t\t<h3 class=\"elementor-icon-box-title\">\n\t\t\t\t\t\t<a href=\"tel:+34950583002\" >\n\t\t\t\t\t\t\tShall we talk?\t\t\t\t\t\t<\/a>\n\t\t\t\t\t<\/h3>\n\t\t\t\t\n\t\t\t\t\t\t\t\t\t<p class=\"elementor-icon-box-description\">\n\t\t\t\t\t\t+34 950 583 002\t\t\t\t\t<\/p>\n\t\t\t\t\n\t\t\t<\/div>\n\t\t\t\n\t\t<\/div>\n\t\t\t\t\t\t<\/div>\n\t\t\t\t<\/div>\n\t\t\t\t<\/div>\n\t\t<div class=\"elementor-element elementor-element-74edcae e-con-full e-flex e-con e-child\" data-id=\"74edcae\" data-element_type=\"container\" data-e-type=\"container\" data-settings=\"{&quot;jet_parallax_layout_list&quot;:[]}\">\n\t\t\t\t<div class=\"elementor-element elementor-element-af1e55a elementor-view-default elementor-position-block-start elementor-mobile-position-block-start elementor-widget elementor-widget-icon-box\" data-id=\"af1e55a\" data-element_type=\"widget\" data-e-type=\"widget\" data-widget_type=\"icon-box.default\">\n\t\t\t\t<div class=\"elementor-widget-container\">\n\t\t\t\t\t\t\t<div class=\"elementor-icon-box-wrapper\">\n\n\t\t\t\t\t\t<div class=\"elementor-icon-box-icon\">\n\t\t\t\t<a href=\"mailto:info@agroponiente.com\" class=\"elementor-icon\" tabindex=\"-1\" aria-label=\"Email\">\n\t\t\t\t<svg xmlns=\"http:\/\/www.w3.org\/2000\/svg\" width=\"56.265\" height=\"42.138\" viewBox=\"0 0 56.265 42.138\"><path id=\"email_3_\" data-name=\"email (3)\" d=\"M56.264,71.217v-.888A6.069,6.069,0,0,0,50.2,64.267H6.062A6.069,6.069,0,0,0,0,70.329v30.015a6.069,6.069,0,0,0,6.062,6.062H50.2a6.069,6.069,0,0,0,6.062-6.062V71.217Zm-50.2-3.653H50.2a2.769,2.769,0,0,1,2.766,2.766h0L30.891,85.048a5.545,5.545,0,0,1-5.517,0L3.3,70.33h0a2.769,2.769,0,0,1,2.766-2.765ZM50.2,103.109H6.062A2.768,2.768,0,0,1,3.3,100.344V74.292l20.249,13.5a8.823,8.823,0,0,0,9.174,0l20.248-13.5v26.052A2.768,2.768,0,0,1,50.2,103.109Z\" transform=\"translate(0 -64.267)\"><\/path><\/svg>\t\t\t\t<\/a>\n\t\t\t<\/div>\n\t\t\t\n\t\t\t\t\t\t<div class=\"elementor-icon-box-content\">\n\n\t\t\t\t\t\t\t\t\t<h3 class=\"elementor-icon-box-title\">\n\t\t\t\t\t\t<a href=\"mailto:info@agroponiente.com\" >\n\t\t\t\t\t\t\tEmail\t\t\t\t\t\t<\/a>\n\t\t\t\t\t<\/h3>\n\t\t\t\t\n\t\t\t\t\t\t\t\t\t<p class=\"elementor-icon-box-description\">\n\t\t\t\t\t\tinfo@agroponiente.com\t\t\t\t\t<\/p>\n\t\t\t\t\n\t\t\t<\/div>\n\t\t\t\n\t\t<\/div>\n\t\t\t\t\t\t<\/div>\n\t\t\t\t<\/div>\n\t\t\t\t<\/div>\n\t\t\t\t\t<\/div>\n\t\t\t\t<\/div>\n\t\t<div class=\"elementor-element elementor-element-ac781ca e-con-full e-flex e-con e-parent\" data-id=\"ac781ca\" data-element_type=\"container\" data-e-type=\"container\" data-settings=\"{&quot;background_background&quot;:&quot;classic&quot;,&quot;jet_parallax_layout_list&quot;:[]}\">\n\t\t\t\t<div class=\"elementor-element elementor-element-d00d3fa elementor-widget elementor-widget-html\" data-id=\"d00d3fa\" data-element_type=\"widget\" data-e-type=\"widget\" data-widget_type=\"html.default\">\n\t\t\t\t<div class=\"elementor-widget-container\">\n\t\t\t\t\t<iframe src=\"https:\/\/www.google.com\/maps\/embed?pb=!1m18!1m12!1m3!1d3195.404938406361!2d-2.7422606999999997!3d36.7848404!2m3!1f0!2f0!3f0!3m2!1i1024!2i768!4f13.1!3m3!1m2!1s0xd7068508ad723f3%3A0xb12b456c747293d8!2sAgroponiente%20S.A.!5e0!3m2!1ses!2ses!4v1716548283623!5m2!1ses!2ses\" width=\"600\" height=\"600\" style=\"border:0;\" allowfullscreen=\"\" loading=\"lazy\" referrerpolicy=\"no-referrer-when-downgrade\"><\/iframe>\t\t\t\t<\/div>\n\t\t\t\t<\/div>\n\t\t\t\t<\/div>\n\t\t\t\t<\/div>\n\t\t","protected":false},"excerpt":{"rendered":"<p>__________ Hello Contact May we help you? Responsible parties: AGROPONIENTE, S.A., AGROPONIENTE NATURAL PRODUCE, S.L. and VEGACA\u00d1ADA, S.A. Purpose: To respond to the requested information on the form. Legitimation: Consent of the interested party. Recipients: No data will be transferred to third parties, except in cases of legal obligation or legitimate corporate interest between the [&hellip;]<\/p>\n","protected":false},"author":1,"featured_media":0,"parent":0,"menu_order":12,"comment_status":"closed","ping_status":"closed","template":"","meta":{"footnotes":""},"class_list":["post-16726","page","type-page","status-publish","hentry"],"_links":{"self":[{"href":"https:\/\/www.agroponiente.com\/en\/wp-json\/wp\/v2\/pages\/16726","targetHints":{"allow":["GET"]}}],"collection":[{"href":"https:\/\/www.agroponiente.com\/en\/wp-json\/wp\/v2\/pages"}],"about":[{"href":"https:\/\/www.agroponiente.com\/en\/wp-json\/wp\/v2\/types\/page"}],"author":[{"embeddable":true,"href":"https:\/\/www.agroponiente.com\/en\/wp-json\/wp\/v2\/users\/1"}],"replies":[{"embeddable":true,"href":"https:\/\/www.agroponiente.com\/en\/wp-json\/wp\/v2\/comments?post=16726"}],"version-history":[{"count":3,"href":"https:\/\/www.agroponiente.com\/en\/wp-json\/wp\/v2\/pages\/16726\/revisions"}],"predecessor-version":[{"id":19526,"href":"https:\/\/www.agroponiente.com\/en\/wp-json\/wp\/v2\/pages\/16726\/revisions\/19526"}],"wp:attachment":[{"href":"https:\/\/www.agroponiente.com\/en\/wp-json\/wp\/v2\/media?parent=16726"}],"curies":[{"name":"wp","href":"https:\/\/api.w.org\/{rel}","templated":true}]}}